{"id":126,"date":"2009-09-23T12:42:22","date_gmt":"2009-09-23T10:42:22","guid":{"rendered":"http:\/\/www.foerderverein-technische-fakultaet.at\/?page_id=126"},"modified":"2025-11-17T09:43:11","modified_gmt":"2025-11-17T07:43:11","slug":"forderungen-und-preise","status":"publish","type":"page","link":"https:\/\/www.ftf.or.at\/?page_id=126","title":{"rendered":"F\u00f6rderungen und Preise"},"content":{"rendered":"\r\n<figure class=\"wp-block-image\"><img loading=\"lazy\" decoding=\"async\" width=\"2560\" height=\"1419\" class=\"wp-image-9149\" src=\"https:\/\/www.ftf.or.at\/wp-content\/uploads\/2024\/12\/Preistraeger-innen_BPA-RMP-Verleihung_Marlies-De-Roche-scaled.jpg\" alt=\"\" srcset=\"https:\/\/www.ftf.or.at\/wp-content\/uploads\/2024\/12\/Preistraeger-innen_BPA-RMP-Verleihung_Marlies-De-Roche-scaled.jpg 2560w, https:\/\/www.ftf.or.at\/wp-content\/uploads\/2024\/12\/Preistraeger-innen_BPA-RMP-Verleihung_Marlies-De-Roche-300x166.jpg 300w, https:\/\/www.ftf.or.at\/wp-content\/uploads\/2024\/12\/Preistraeger-innen_BPA-RMP-Verleihung_Marlies-De-Roche-1024x568.jpg 1024w, https:\/\/www.ftf.or.at\/wp-content\/uploads\/2024\/12\/Preistraeger-innen_BPA-RMP-Verleihung_Marlies-De-Roche-768x426.jpg 768w, https:\/\/www.ftf.or.at\/wp-content\/uploads\/2024\/12\/Preistraeger-innen_BPA-RMP-Verleihung_Marlies-De-Roche-1536x851.jpg 1536w, https:\/\/www.ftf.or.at\/wp-content\/uploads\/2024\/12\/Preistraeger-innen_BPA-RMP-Verleihung_Marlies-De-Roche-2048x1135.jpg 2048w\" sizes=\"auto, (max-width: 2560px) 100vw, 2560px\" \/><\/figure>\r\n\r\n\r\n\r\n<p>Der F\u00f6rderverein Technische Fakult\u00e4t vergibt in regelm\u00e4\u00dfigen Abst\u00e4nden F\u00f6rderungen und Preise:<\/p>\r\n\r\n\r\n\r\n<ul class=\"wp-block-list\">\r\n<li>J\u00e4hrlich werden die sogenannten <a href=\"https:\/\/www.ftf.or.at\/?page_id=724\">TEWI-Best-Performer<\/a> ermittelt. Dabei ergehen Stipendien an die besten StudentInnen aller Studien der Technischen Fakult\u00e4t.<\/li>\r\n\r\n\r\n\r\n<li>J\u00e4hrlich wird auch der <a href=\"https:\/\/www.ftf.or.at\/?page_id=140\">Roland-Mittermeir-Preis<\/a>\u00a0vergeben und beinhaltet die Pr\u00e4mierung der besten Diplom- bzw. Masterarbeit aller Studien der Technischen Fakult\u00e4t an der Universit\u00e4t Klagenfurt.<\/li>\r\n\r\n\r\n\r\n<li>Am 3. Oktober 2008 wurde erstmals der K\u00e4rntner Informatik-Forschungspreis vergeben<\/li>\r\n<\/ul>\r\n\r\n\r\n\r\n<p>&nbsp;<\/p>\r\n","protected":false},"excerpt":{"rendered":"<p>Der F\u00f6rderverein Technische Fakult\u00e4t vergibt in regelm\u00e4\u00dfigen Abst\u00e4nden F\u00f6rderungen und Preise: &nbsp;<\/p>\n","protected":false},"author":33,"featured_media":0,"parent":0,"menu_order":6,"comment_status":"closed","ping_status":"closed","template":"","meta":{"sfsi_plus_gutenberg_text_before_share":"","sfsi_plus_gutenberg_show_text_before_share":"","sfsi_plus_gutenberg_icon_type":"","sfsi_plus_gutenberg_icon_alignemt":"","sfsi_plus_gutenburg_max_per_row":"","footnotes":""},"class_list":["post-126","page","type-page","status-publish","hentry"],"_links":{"self":[{"href":"https:\/\/www.ftf.or.at\/index.php?rest_route=\/wp\/v2\/pages\/126","targetHints":{"allow":["GET"]}}],"collection":[{"href":"https:\/\/www.ftf.or.at\/index.php?rest_route=\/wp\/v2\/pages"}],"about":[{"href":"https:\/\/www.ftf.or.at\/index.php?rest_route=\/wp\/v2\/types\/page"}],"author":[{"embeddable":true,"href":"https:\/\/www.ftf.or.at\/index.php?rest_route=\/wp\/v2\/users\/33"}],"replies":[{"embeddable":true,"href":"https:\/\/www.ftf.or.at\/index.php?rest_route=%2Fwp%2Fv2%2Fcomments&post=126"}],"version-history":[{"count":41,"href":"https:\/\/www.ftf.or.at\/index.php?rest_route=\/wp\/v2\/pages\/126\/revisions"}],"predecessor-version":[{"id":9461,"href":"https:\/\/www.ftf.or.at\/index.php?rest_route=\/wp\/v2\/pages\/126\/revisions\/9461"}],"wp:attachment":[{"href":"https:\/\/www.ftf.or.at\/index.php?rest_route=%2Fwp%2Fv2%2Fmedia&parent=126"}],"curies":[{"name":"wp","href":"https:\/\/api.w.org\/{rel}","templated":true}]}}