{"id":140,"date":"2009-09-23T13:01:17","date_gmt":"2009-09-23T11:01:17","guid":{"rendered":"http:\/\/www.foerderverein-technische-fakultaet.at\/?page_id=140"},"modified":"2026-03-09T14:02:37","modified_gmt":"2026-03-09T12:02:37","slug":"forderpreis-technische-fakultat","status":"publish","type":"page","link":"https:\/\/www.ftf.or.at\/?page_id=140","title":{"rendered":"Roland-Mittermeir-Preis"},"content":{"rendered":"<h1><\/h1>\n<h1><strong>Der Roland-Mittermeir-Award wurde zum 10. Mal verliehen !<\/strong><\/h1>\n<h2>Der Roland-Mittermeir-Award 2024, die Best Performer Awards und der Dissertationspreis der Technischen Fakult\u00e4t wurden am 05.11.2025 verliehen.<\/h2>\n<p>Im Rahmen der Veranstaltung \u201e<a href=\"https:\/\/www.aau.at\/blog\/university-meets-industry-talents-for-carinthia-erfolgreich-fortgesetzt\/\">University meets Industry<\/a>\u201c wurden Studierende der Technischen Fakult\u00e4t in verschiedenen Kategorien ausgezeichnet. Die Veranstaltung stand ganz im Zeichen der Vernetzung von Studierenden, Forschenden und Unternehmen. Nach Begr\u00fc\u00dfungsworten von Vertreter:innen der Universit\u00e4t (Rektorin Pellert, Dekan Heuberger) und der <a href=\"https:\/\/kaernten.iv.at\/\">Industriellenvereinigung<\/a> (Generalsekret\u00e4rin Mischensky) wurde die Technische Fakult\u00e4t mit ihren Schwerpunkten und mit einem Auszug aktueller Erfolgsgeschichten aus Forschungsprojekten pr\u00e4sentiert.<\/p>\n<p><strong>Der F\u00f6rderverein Technische Fakult\u00e4t (FTF) verlieh den Roland-Mittermeir-Award 2024 f\u00fcr die beste Masterarbeit aus dem Jahr 2024 und honorierte den Gewinner mit einem Preisgeld in H\u00f6he von \u20ac 1.500.<\/strong><\/p>\n<p><img loading=\"lazy\" decoding=\"async\" class=\"alignnone size-full wp-image-9447\" src=\"https:\/\/www.ftf.or.at\/wp-content\/uploads\/2025\/11\/Foto_RMP_2024.jpg\" alt=\"\" width=\"846\" height=\"564\" srcset=\"https:\/\/www.ftf.or.at\/wp-content\/uploads\/2025\/11\/Foto_RMP_2024.jpg 846w, https:\/\/www.ftf.or.at\/wp-content\/uploads\/2025\/11\/Foto_RMP_2024-300x200.jpg 300w, https:\/\/www.ftf.or.at\/wp-content\/uploads\/2025\/11\/Foto_RMP_2024-768x512.jpg 768w\" sizes=\"auto, (max-width: 846px) 100vw, 846px\" \/><\/p>\n<p>Preistr\u00e4ger des Roland-Mittermeir-Preises 2024 Maik Fichtenkamm mit FTF-Obmann Michael Kollienz und Tewi Prodekan Bernhard Rinner | Foto: Helge Bauer<\/p>\n<p><strong>Wir gratulieren dem Gewinner Maik Fichtenkamm, MSc., BSc.!<\/strong><\/p>\n<p>Seine Arbeit mit dem Titel <strong>\u201cTowards a Failure Analysis Chatbot with Retrieval-Augmented Generation\u201d<\/strong> stammt aus dem Bereich Artificial Intelligence and Cybersecurity und wurde von Assoc.-Prof. \u00a0Shekotihin betreut.<\/p>\n<p>&nbsp;<\/p>\n<h2>Des Weiteren erhielten die zweit- und drittplatzierenden Arbeiten einen Anerkennungspreis:<\/h2>\n<p><strong>\u00a0<\/strong><\/p>\n<p><img loading=\"lazy\" decoding=\"async\" class=\"alignnone size-thumbnail wp-image-9449\" src=\"https:\/\/www.ftf.or.at\/wp-content\/uploads\/2025\/11\/foto_Fragner-Julian-150x150.jpg\" alt=\"\" width=\"150\" height=\"150\" \/><\/p>\n<p style=\"text-align: left;\"><strong>2. Platz: Dipl.-Ing. Julian Fragner<\/strong><\/p>\n<p style=\"text-align: left;\">Titel der Arbeit <strong>\u201eLost in Translation? Converting Regular Expressions into Dynatrace Pattern Language\u201c<\/strong> aus dem Bereich Software Engineering, betreut von Prof. Pinzger<\/p>\n<p>&nbsp;<\/p>\n<p>&nbsp;<\/p>\n<p><img loading=\"lazy\" decoding=\"async\" class=\"alignnone size-thumbnail wp-image-9448\" src=\"https:\/\/www.ftf.or.at\/wp-content\/uploads\/2025\/11\/foto-Stengg-Katharina-150x150.jpg\" alt=\"\" width=\"150\" height=\"150\" srcset=\"https:\/\/www.ftf.or.at\/wp-content\/uploads\/2025\/11\/foto-Stengg-Katharina-150x150.jpg 150w, https:\/\/www.ftf.or.at\/wp-content\/uploads\/2025\/11\/foto-Stengg-Katharina-300x300.jpg 300w\" sizes=\"auto, (max-width: 150px) 100vw, 150px\" \/><\/p>\n<p style=\"text-align: left;\"><strong>3. Platz: Dipl.-Ing.in Katharina Stengg<\/strong><\/p>\n<p style=\"text-align: left;\">Titel der Arbeit <strong>\u201ePredicting Build Results using Software Metrics and Developer Sentiment\u201c<\/strong> \u00a0aus dem Bereich Software Engineering, betreut von Postdoc-Ass. Macho<\/p>\n<p>&nbsp;<\/p>\n<h2 style=\"text-align: left;\">Wir freuten uns wie jedes Jahr, engagierte und aufstrebende Studierende der Technischen Fakult\u00e4t mitauszeichnen zu d\u00fcrfen!<\/h2>\n<p>&nbsp;<\/p>\n<h3><\/h3>\n<blockquote>\n<h2 style=\"text-align: left;\"><em>\u201eWillst du f\u00fcr ein Jahr vorausplanen, so baue Reis an. Willst du f\u00fcr ein Jahrzehnt vorausplanen, so pflanze B\u00e4ume. <\/em><em>Willst du f\u00fcr ein Jahrhundert planen, so bilde Menschen.\u201c<\/em><\/h2>\n<p><strong>Tschuang-Tse\u00a0\u00a0\u00a0\u00a0<\/strong> \u00a0\u00a0\u00a0&#8211;<\/p><\/blockquote>\n<p>&nbsp;<\/p>\n<p style=\"text-align: left;\"><strong>Weitere Infos:<\/strong><\/p>\n<p style=\"text-align: left;\"><a href=\"https:\/\/www.aau.at\/blog\/university-meets-industry-talents-for-carinthia-erfolgreich-fortgesetzt\/\">University meets Industry: Talents for Carinthia erfolgreich fortgesetzt \u2013 Universit\u00e4t Klagenfurt<\/a><\/p>\n<p style=\"text-align: left;\"><a href=\"https:\/\/www.aau.at\/blog\/best-performer-awards-roland-mittermeir-preis-und-dissertationspreis-der-fakultaet-fuer-technische-wissenschaften-2024-25\/\">Best Performer Awards, Roland-Mittermeir-Preis und Dissertationspreis der Fakult\u00e4t f\u00fcr Technische Wissenschaften 2024\/25 \u2013 Universit\u00e4t Klagenfurt<\/a><\/p>\n<h2 style=\"text-align: left;\"><\/h2>\n<h2><\/h2>\n<p>&nbsp;<\/p>\n<p>&nbsp;<\/p>\n<p>&nbsp;<\/p>\n<p>&nbsp;<\/p>\n<h2><\/h2>\n<h1 style=\"text-align: left;\"><strong>Roland-Mittermeir-Preis 2023<\/strong><\/h1>\n<p style=\"text-align: left;\"><strong>Pr\u00e4mierung der besten Masterarbeit aller Studien der Technischen Fakult\u00e4t an der Universit\u00e4t Klagenfurt<\/strong><\/p>\n<div id=\"attachment_9153\" style=\"width: 650px\" class=\"wp-caption aligncenter\"><a href=\"https:\/\/www.ftf.or.at\/wp-content\/uploads\/2024\/12\/RMP-Preistraegerin-Franziska-Hollauf-mit-Michael-Kollienz-und-Bernhard-Rinner_28112024-scaled.jpg\"><img loading=\"lazy\" decoding=\"async\" aria-describedby=\"caption-attachment-9153\" class=\"size-large wp-image-9153\" src=\"https:\/\/www.ftf.or.at\/wp-content\/uploads\/2024\/12\/RMP-Preistraegerin-Franziska-Hollauf-mit-Michael-Kollienz-und-Bernhard-Rinner_28112024-1024x855.jpg\" alt=\"\" width=\"640\" height=\"534\" srcset=\"https:\/\/www.ftf.or.at\/wp-content\/uploads\/2024\/12\/RMP-Preistraegerin-Franziska-Hollauf-mit-Michael-Kollienz-und-Bernhard-Rinner_28112024-1024x855.jpg 1024w, https:\/\/www.ftf.or.at\/wp-content\/uploads\/2024\/12\/RMP-Preistraegerin-Franziska-Hollauf-mit-Michael-Kollienz-und-Bernhard-Rinner_28112024-300x251.jpg 300w, https:\/\/www.ftf.or.at\/wp-content\/uploads\/2024\/12\/RMP-Preistraegerin-Franziska-Hollauf-mit-Michael-Kollienz-und-Bernhard-Rinner_28112024-768x641.jpg 768w, https:\/\/www.ftf.or.at\/wp-content\/uploads\/2024\/12\/RMP-Preistraegerin-Franziska-Hollauf-mit-Michael-Kollienz-und-Bernhard-Rinner_28112024-1536x1283.jpg 1536w, https:\/\/www.ftf.or.at\/wp-content\/uploads\/2024\/12\/RMP-Preistraegerin-Franziska-Hollauf-mit-Michael-Kollienz-und-Bernhard-Rinner_28112024-2048x1710.jpg 2048w\" sizes=\"auto, (max-width: 640px) 100vw, 640px\" \/><\/a><p id=\"caption-attachment-9153\" class=\"wp-caption-text\">Preisverleihung am 28.11.2024<\/p><\/div>\n<p><strong>Der <a href=\"https:\/\/www.aau.at\/blog\/best-performer-awards-2023-2024-der-fakultaet-fuer-technische-wissenschaften-und-roland-mittermeir-preises-verliehen\/\">Roland-Mittermeir-Preis 2023<\/a> ergeht an Dipl. -Ing. Franziska Hollauf<\/strong> (v.l.n.r.): Michael Kollienz (Obmann des F\u00f6rdervereines Technische Fakult\u00e4t, Raiffeisen Rechenzentrum), Dipl.-Ing. Franziska Hollauf, Univ.Prof. Bernhard Rinne (Prodekan der Fakult\u00e4t f\u00fcr Technische Wissenschaften)<\/p>\n<p style=\"text-align: justify;\"><strong>Ausschreibung<\/strong><\/p>\n<p style=\"text-align: justify;\">Der F\u00f6rderverein Technische Fakult\u00e4t an der Universit\u00e4t Klagenfurt schreibt die Pr\u00e4mierung der besten Masterarbeit aller Studien der Technischen Fakult\u00e4t an der Universit\u00e4t Klagenfurt des laufenden Studienjahres aus. Ziel ist es, die hervorragenden erbrachten Leistungen zu honorieren und einen Ansporn f\u00fcr das Erreichen einer \u00fcberdurchschnittlichen Qualit\u00e4tsstufe zu schaffen.<\/p>\n<p style=\"text-align: justify;\">Die Beurteilungskriterien f\u00fcr die Zuerkennung des Preises sind deshalb fachlicher und qualit\u00e4tsbezogener Natur. Sie umfassen die Aspekte<\/p>\n<ul>\n<li>wissenschaftlicher Gehalt,<\/li>\n<li>Innovationsgehalt und Umsetzbarkeit,<\/li>\n<li>Klarheit der Darstellung und Qualit\u00e4t der Ausf\u00fchrung.<\/li>\n<\/ul>\n<p>Die Zuerkennung des Preises erfolgt durch eine Jury, die sich aus universit\u00e4tsinternen und -externen Fachleuten zusammensetzt.<\/p>\n<ul>\n<li><strong>Aktuelle Ausschreibung<\/strong>: Roland-Mittermeir-Preis 2025 (Einreichfrist: 30. April 2026)<\/li>\n<li><a href=\"https:\/\/www.ftf.or.at\/?p=9484\">Roland-Mittermeir-Preis 2025<\/a> [<a href=\"https:\/\/www.aau.at\/en\/blog\/best-performer-awards-roland-mittermeir-award-and-doctoral-thesis-award-of-the-faculty-of-technical-sciences-2024-25\/\">Pressemitteilung<\/a>]<\/li>\n<li><a href=\"https:\/\/www.ftf.or.at\/?p=9194\">Roland-Mittermeir-Preis 2024<\/a> <a href=\"https:\/\/www.aau.at\/blog\/best-performer-awards-2023-2024-der-fakultaet-fuer-technische-wissenschaften-und-roland-mittermeir-preises-verliehen\/\">[Pressemitteilung]<\/a><\/li>\n<li><a href=\"https:\/\/www.ftf.or.at\/?p=8877\">Roland-Mittermeir-Preis 2023<\/a> <a href=\"https:\/\/www.aau.at\/blog\/best-performer-awards-2023-2024-der-fakultaet-fuer-technische-wissenschaften-und-roland-mittermeir-preises-verliehen\/\">[Pressemitteilung]<\/a><\/li>\n<li><a href=\"https:\/\/www.ftf.or.at\/2022\/10\/roland-mittermeir-preis-ausschreibung-2022\/\">Roland-Mittermeir-Preis 2022 <\/a>[<a href=\"https:\/\/www.ftf.or.at\/?p=8703\" target=\"_blank\" rel=\"noopener\">Pressemitteilung<\/a>]<\/li>\n<li><a href=\"https:\/\/www.ftf.or.at\/?p=7786\">Roland-Mittermeir-Preis 2021<\/a> [<a href=\"https:\/\/www.ftf.or.at\/?p=8031\">Pressemitteilung<\/a>] [<a href=\"https:\/\/www.ftf.or.at\/?p=8044\">Rauscher<\/a>]<\/li>\n<li><a href=\"https:\/\/www.ftf.or.at\/?p=7291\">Roland-Mittermeir-Preis 2020<\/a> [<a href=\"https:\/\/www.ftf.or.at\/?p=8031\">Pressemitteilung<\/a>]\u00a0[<a href=\"https:\/\/www.ftf.or.at\/?p=8042\">Spendier<\/a>]<\/li>\n<li><a href=\"https:\/\/www.ftf.or.at\/?p=6839\">Roland-Mittermeir-Preis 2019<\/a> [<a href=\"https:\/\/www.ftf.or.at\/?p=8031\">Pressemitteilung<\/a>]\u00a0[<a href=\"https:\/\/www.ftf.or.at\/?p=8040\">Maier<\/a>]<\/li>\n<li><a href=\"https:\/\/www.ftf.or.at\/?p=6415\">Roland-Mittermeir-Preis 2018<\/a>\u00a0[<a href=\"https:\/\/www.ftf.or.at\/?p=6875\">Pressemitteilung<\/a>] [1. Preis: <a href=\"https:\/\/www.ftf.or.at\/?p=6831\">Jellen<\/a>] [1. Preis: <a href=\"https:\/\/www.ftf.or.at\/?p=6833\">Pachatz<\/a>]<\/li>\n<li><a href=\"https:\/\/www.ftf.or.at\/?p=5957\">Roland-Mittermeir-Preis 2017<\/a>\u00a0[1. Preis: <a href=\"https:\/\/www.ftf.or.at\/?p=6404\">Graf<\/a>] [2. Preis: <a href=\"https:\/\/www.ftf.or.at\/?p=6409\">Gietler<\/a>] [3. Preis: <a href=\"https:\/\/www.ftf.or.at\/?p=6407\">Posch<\/a>]<\/li>\n<li><a href=\"https:\/\/www.ftf.or.at\/?p=5684\">Roland-Mittermeir-Preis\u00a02015\/2016<\/a>\u00a0[1. Preis: <a href=\"https:\/\/www.ftf.or.at\/?p=5965\">Hackl<\/a>] [2. Preis: <a href=\"https:\/\/www.ftf.or.at\/?p=5976\">Truden<\/a>]<\/li>\n<li><a title=\"F\u00f6rderpreis der Technischen Fakult\u00e4t: Ausschreibung 2014\/2015\" href=\"https:\/\/www.ftf.or.at\/?p=5273\">Roland-Mittermeir-Preis\u00a02014\/2015<\/a>\u00a0[1. Preis: <a href=\"https:\/\/www.ftf.or.at\/?p=5675\">Taupe<\/a>] [2. Preis: <a href=\"https:\/\/www.ftf.or.at\/?p=5672\">Maiero<\/a>] [3. Preis: <a href=\"https:\/\/www.ftf.or.at\/?p=5670\">Simonjan<\/a>]<\/li>\n<li><a title=\"F\u00f6rderpreis der Technischen Fakult\u00e4t: Ausschreibung 2012\/2013\" href=\"https:\/\/www.ftf.or.at\/?p=4910\">F\u00f6rderpreis TEWI 2012\/2013<\/a>\u00a0[<a title=\"Security Aspects of Content-Centric Networking\" href=\"https:\/\/www.ftf.or.at\/?p=5290\">Posch<\/a>]<\/li>\n<li><a title=\"F\u00f6rderpreis der Technischen Fakult\u00e4t: Ausschreibung 2011-2012\" href=\"https:\/\/www.ftf.or.at\/?p=2958\">F\u00f6rderpreis TEWI 2011-2012<\/a>\u00a0[<a title=\"\ufffcOn a Sampling Decision System using Virtual Metrology\" href=\"https:\/\/www.ftf.or.at\/?p=4923\">Kurz<\/a>][<a title=\"Content Generation and Practical Applications for Dynamic Adaptive Streaming over HTTP with a Focus on Mobile and Peer-Assisted Streaming\" href=\"https:\/\/www.ftf.or.at\/?p=4927\">Lederer<\/a>]<\/li>\n<li><a title=\"A Bundle Method for the Traveling Salesman Problem\" href=\"https:\/\/www.ftf.or.at\/?p=2176\">F\u00f6rderpreis-TEWI 2009\/2010<\/a><\/li>\n<li><a href=\"https:\/\/www.ftf.or.at\/?p=1618\">F\u00f6rderpreis-TEWI 2008\/2009<\/a><\/li>\n<li><a href=\"https:\/\/www.ftf.or.at\/?p=697\">F\u00f6rderpreis-TEWI 2007\/2008<\/a><\/li>\n<li>Informatik-Preise 2006-1999<\/li>\n<\/ul>\n","protected":false},"excerpt":{"rendered":"<p>Der Roland-Mittermeir-Award wurde zum 10. Mal verliehen ! Der Roland-Mittermeir-Award 2024, die Best Performer Awards und der Dissertationspreis der Technischen Fakult\u00e4t wurden am 05.11.2025 verliehen. Im Rahmen der Veranstaltung \u201eUniversity meets Industry\u201c wurden Studierende der Technischen Fakult\u00e4t in verschiedenen Kategorien &hellip; <a href=\"https:\/\/www.ftf.or.at\/?page_id=140\">Continue reading <span class=\"meta-nav\">&rarr;<\/span><\/a><\/p>\n","protected":false},"author":33,"featured_media":0,"parent":126,"menu_order":2,"comment_status":"closed","ping_status":"closed","template":"","meta":{"sfsi_plus_gutenberg_text_before_share":"","sfsi_plus_gutenberg_show_text_before_share":"","sfsi_plus_gutenberg_icon_type":"","sfsi_plus_gutenberg_icon_alignemt":"","sfsi_plus_gutenburg_max_per_row":"","footnotes":""},"class_list":["post-140","page","type-page","status-publish","hentry"],"_links":{"self":[{"href":"https:\/\/www.ftf.or.at\/index.php?rest_route=\/wp\/v2\/pages\/140","targetHints":{"allow":["GET"]}}],"collection":[{"href":"https:\/\/www.ftf.or.at\/index.php?rest_route=\/wp\/v2\/pages"}],"about":[{"href":"https:\/\/www.ftf.or.at\/index.php?rest_route=\/wp\/v2\/types\/page"}],"author":[{"embeddable":true,"href":"https:\/\/www.ftf.or.at\/index.php?rest_route=\/wp\/v2\/users\/33"}],"replies":[{"embeddable":true,"href":"https:\/\/www.ftf.or.at\/index.php?rest_route=%2Fwp%2Fv2%2Fcomments&post=140"}],"version-history":[{"count":126,"href":"https:\/\/www.ftf.or.at\/index.php?rest_route=\/wp\/v2\/pages\/140\/revisions"}],"predecessor-version":[{"id":9489,"href":"https:\/\/www.ftf.or.at\/index.php?rest_route=\/wp\/v2\/pages\/140\/revisions\/9489"}],"up":[{"embeddable":true,"href":"https:\/\/www.ftf.or.at\/index.php?rest_route=\/wp\/v2\/pages\/126"}],"wp:attachment":[{"href":"https:\/\/www.ftf.or.at\/index.php?rest_route=%2Fwp%2Fv2%2Fmedia&parent=140"}],"curies":[{"name":"wp","href":"https:\/\/api.w.org\/{rel}","templated":true}]}}