{"id":146,"date":"2009-09-23T13:09:59","date_gmt":"2009-09-23T11:09:59","guid":{"rendered":"http:\/\/www.foerderverein-technische-fakultaet.at\/?page_id=146"},"modified":"2009-10-25T18:19:40","modified_gmt":"2009-10-25T16:19:40","slug":"karntner-informatik-forschungspreis","status":"publish","type":"page","link":"https:\/\/www.ftf.or.at\/?page_id=146","title":{"rendered":"K\u00e4rntner Informatik-Forschungspreis"},"content":{"rendered":"<p style=\"text-align: center;\"><strong>K\u00e4rntner Informatik-Forschungspreis<\/strong><\/p>\n<p style=\"text-align: center;\"><strong><br \/>\n<\/strong><\/p>\n<p style=\"text-align: justify;\">Der 1. K\u00e4rnter Informatik Forschungspreis ergeht an Dr. Christian Timmerer f\u00fcr Forschungsleistungen im Bereich \u201eInteroperable device- and coding format-independent multimedia communication for universal access\u201c.<\/p>\n<p style=\"text-align: justify;\">\n<p style=\"text-align: justify;\">Der Preis \u00fcber 4.000 EURO wurde im Rahmen der Er\u00f6ffnungsfeier der Technischen Fakult\u00e4t an der Universit\u00e4t Klagenfurt feierlich \u00fcbergeben.<\/p>\n<p style=\"text-align: justify;\">\n<p class=\"aligncenter\"><img loading=\"lazy\" decoding=\"async\" class=\"aligncenter size-full wp-image-60\" title=\"Informatik-Forschungspreis\" src=\"http:\/\/www.foerderverein-technische-fakultaet.at\/wp-content\/images\/forschungspreisbild_2006\/preis_uebergabeneu.jpg\" alt=\"Informatik-Forschungspreis\" width=\"538\" height=\"358\" \/><\/p>\n<p class=\"aligncenter\">ao.Univ.-Prof. Dr. Alexander Felfernig, Rektor o.Univ.-Prof. Heinrich C. Mayr,<br \/>\nDr. Christian Timmerer, Dekan o.Univ.-Prof. Martin Hitz<\/p>\n","protected":false},"excerpt":{"rendered":"<p>K\u00e4rntner Informatik-Forschungspreis Der 1. K\u00e4rnter Informatik Forschungspreis ergeht an Dr. Christian Timmerer f\u00fcr Forschungsleistungen im Bereich \u201eInteroperable device- and coding format-independent multimedia communication for universal access\u201c. Der Preis \u00fcber 4.000 EURO wurde im Rahmen der Er\u00f6ffnungsfeier der Technischen Fakult\u00e4t an &hellip; <a href=\"https:\/\/www.ftf.or.at\/?page_id=146\">Continue reading <span class=\"meta-nav\">&rarr;<\/span><\/a><\/p>\n","protected":false},"author":33,"featured_media":0,"parent":126,"menu_order":3,"comment_status":"open","ping_status":"open","template":"","meta":{"sfsi_plus_gutenberg_text_before_share":"","sfsi_plus_gutenberg_show_text_before_share":"","sfsi_plus_gutenberg_icon_type":"","sfsi_plus_gutenberg_icon_alignemt":"","sfsi_plus_gutenburg_max_per_row":"","footnotes":""},"class_list":["post-146","page","type-page","status-publish","hentry"],"_links":{"self":[{"href":"https:\/\/www.ftf.or.at\/index.php?rest_route=\/wp\/v2\/pages\/146","targetHints":{"allow":["GET"]}}],"collection":[{"href":"https:\/\/www.ftf.or.at\/index.php?rest_route=\/wp\/v2\/pages"}],"about":[{"href":"https:\/\/www.ftf.or.at\/index.php?rest_route=\/wp\/v2\/types\/page"}],"author":[{"embeddable":true,"href":"https:\/\/www.ftf.or.at\/index.php?rest_route=\/wp\/v2\/users\/33"}],"replies":[{"embeddable":true,"href":"https:\/\/www.ftf.or.at\/index.php?rest_route=%2Fwp%2Fv2%2Fcomments&post=146"}],"version-history":[{"count":17,"href":"https:\/\/www.ftf.or.at\/index.php?rest_route=\/wp\/v2\/pages\/146\/revisions"}],"predecessor-version":[{"id":735,"href":"https:\/\/www.ftf.or.at\/index.php?rest_route=\/wp\/v2\/pages\/146\/revisions\/735"}],"up":[{"embeddable":true,"href":"https:\/\/www.ftf.or.at\/index.php?rest_route=\/wp\/v2\/pages\/126"}],"wp:attachment":[{"href":"https:\/\/www.ftf.or.at\/index.php?rest_route=%2Fwp%2Fv2%2Fmedia&parent=146"}],"curies":[{"name":"wp","href":"https:\/\/api.w.org\/{rel}","templated":true}]}}