{"id":272,"date":"2009-09-24T12:10:49","date_gmt":"2009-09-24T10:10:49","guid":{"rendered":"http:\/\/www.foerderverein-technische-fakultaet.at\/?page_id=272"},"modified":"2024-03-06T16:20:26","modified_gmt":"2024-03-06T14:20:26","slug":"kontakt","status":"publish","type":"page","link":"https:\/\/www.ftf.or.at\/?page_id=272","title":{"rendered":"Kontakt"},"content":{"rendered":"<p><strong>F\u00f6rderverein Technische Fakult\u00e4t an der Universit\u00e4t Klagenfurt<\/strong><br \/>\n<strong>Universit\u00e4tsstra\u00dfe 65 &#8211; 67<br \/>\n9020 Klagenfurt<\/strong><\/p>\n<h3>Obmann:<\/h3>\n<p>Michael Kollienz<\/p>\n<h3>Gesch\u00e4ftsf\u00fchrer:<\/h3>\n<p><a href=\"https:\/\/www.aau.at\/team\/leitner-gerhard\/\">Assoc.-Prof. Mag. Dr. Gerhard Leitner<\/a><br \/>\nInstitut f\u00fcr Informatik-Systeme (ISYS)<br \/>\nUniversit\u00e4t Klagenfurt<br \/>\nUniversit\u00e4tsstra\u00dfe 65 &#8211; 67<br \/>\nA-9020 Klagenfurt<\/p>\n<p>E: gerhard.leitner@aau.at<br \/>\nTelefon: ++43 463\/2700-3522<\/p>\n","protected":false},"excerpt":{"rendered":"<p>F\u00f6rderverein Technische Fakult\u00e4t an der Universit\u00e4t Klagenfurt Universit\u00e4tsstra\u00dfe 65 &#8211; 67 9020 Klagenfurt Obmann: Michael Kollienz Gesch\u00e4ftsf\u00fchrer: Assoc.-Prof. Mag. Dr. Gerhard Leitner Institut f\u00fcr Informatik-Systeme (ISYS) Universit\u00e4t Klagenfurt Universit\u00e4tsstra\u00dfe 65 &#8211; 67 A-9020 Klagenfurt E: gerhard.leitner@aau.at Telefon: ++43 463\/2700-3522<\/p>\n","protected":false},"author":33,"featured_media":0,"parent":0,"menu_order":9,"comment_status":"closed","ping_status":"closed","template":"","meta":{"sfsi_plus_gutenberg_text_before_share":"","sfsi_plus_gutenberg_show_text_before_share":"","sfsi_plus_gutenberg_icon_type":"","sfsi_plus_gutenberg_icon_alignemt":"","sfsi_plus_gutenburg_max_per_row":"","footnotes":""},"class_list":["post-272","page","type-page","status-publish","hentry"],"_links":{"self":[{"href":"https:\/\/www.ftf.or.at\/index.php?rest_route=\/wp\/v2\/pages\/272","targetHints":{"allow":["GET"]}}],"collection":[{"href":"https:\/\/www.ftf.or.at\/index.php?rest_route=\/wp\/v2\/pages"}],"about":[{"href":"https:\/\/www.ftf.or.at\/index.php?rest_route=\/wp\/v2\/types\/page"}],"author":[{"embeddable":true,"href":"https:\/\/www.ftf.or.at\/index.php?rest_route=\/wp\/v2\/users\/33"}],"replies":[{"embeddable":true,"href":"https:\/\/www.ftf.or.at\/index.php?rest_route=%2Fwp%2Fv2%2Fcomments&post=272"}],"version-history":[{"count":67,"href":"https:\/\/www.ftf.or.at\/index.php?rest_route=\/wp\/v2\/pages\/272\/revisions"}],"predecessor-version":[{"id":8955,"href":"https:\/\/www.ftf.or.at\/index.php?rest_route=\/wp\/v2\/pages\/272\/revisions\/8955"}],"wp:attachment":[{"href":"https:\/\/www.ftf.or.at\/index.php?rest_route=%2Fwp%2Fv2%2Fmedia&parent=272"}],"curies":[{"name":"wp","href":"https:\/\/api.w.org\/{rel}","templated":true}]}}