{"id":3,"date":"2009-09-16T13:36:52","date_gmt":"2009-09-16T11:36:52","guid":{"rendered":"http:\/\/www.foerderverein-technische-fakultaet.at\/?page_id=3"},"modified":"2025-10-07T14:11:06","modified_gmt":"2025-10-07T12:11:06","slug":"kurzinformation","status":"publish","type":"page","link":"https:\/\/www.ftf.or.at\/?page_id=3","title":{"rendered":"Kurzinformation"},"content":{"rendered":"<p><strong>Vereinszweck<\/strong><br \/>\nDer <strong>F\u00f6rderverein Technische Fakult\u00e4t an der Universit\u00e4t Klagenfurt<\/strong> verfolgt mit diesem Verein das Ziel, die Technische Fakult\u00e4t bei der Erf\u00fcllung ihrer Aufgaben in Forschung und Lehre zu f\u00f6rdern und die Arbeit ihrer Mitglieder, Studierenden und AbsolventInnen zu unterst\u00fctzen. Ein weiteres wesentliches Ziel ist die Intensivierung des Erfahrungs- und Erkenntnisaustausches zwischen Wissenschaft und Praxis.<\/p>\n<p><strong>Vereinst\u00e4tigkeit<\/strong><br \/>\nGegr\u00fcndet im Jahre 1988 unter dem Namen Verein der Freunde des Instituts f\u00fcr Informatik, hat sich der Verein zur lebendigen Plattform f\u00fcr die fachliche Kommunikation zwischen Wirtschaft, \u00f6ffentlichen Organisationen und Institut etabliert. Insbesondere das TeWi-Kolloquium mit seiner Mischung aus wissenschaftlichen und anwendungsorientierten Vortr\u00e4gen aus Praxis und Forschung, sowie die international beachteten und besuchten Fortbildungsveranstaltungen f\u00fcr Praktiker erfreut sich eines regen Zuspruches. Derartige Veranstaltungen w\u00e4ren ohne die finanzielle und ideelle Unterst\u00fctzung des Vereins kaum m\u00f6glich. Dasselbe gilt f\u00fcr die Ausrichtung wissenschaftlicher Tagungen wie auch f\u00fcr die nicht unerhebliche \u00d6ffentlichkeitsarbeit des Instituts. Ein weiterer Schwerpunkt des Vereins liegt in der Unterst\u00fctzung der fachlichen Weiterbildung der Institutsmitglieder und deren Bew\u00e4hrung im internationalen Erfahrungsaustausch. Und er f\u00f6rdert Projekte, an denen Studierende ma\u00dfgeblich beteiligt sind.<\/p>\n<p><strong>Mitgliedschaft<\/strong><br \/>\nDer Erwerb der Mitgliedschaft erfolgt durch Abgabe einer ausgef\u00fcllten Beitrittserkl\u00e4rung und durch die Aufnahme durch den Vereinsvorstand. Die Beendigung einer Mitgliedschaft kann zum 31. Dezember jeden Jahres mit einer Frist von drei Monaten durch eine schriftliche Erkl\u00e4rung an den Vereinsvorstand erreicht werden. Die Mitgliedsbeitr\u00e4ge belaufen sich ab 01.03.2023 f\u00fcr:<\/p>\n<ul class=\"left\">\n<li>Studenten auf EURO 5,00 pro Jahr<\/li>\n<li>sonstige pers\u00f6nliche Mitglieder EURO 25,00 pro Jahr<\/li>\n<li>institutionelle Mitglieder EURO 450,00 pro Jahr<\/li>\n<li>f\u00f6rdernde Mitglieder entrichten einen \u00fcber den f\u00fcr die jeweilige Mitgliedskategorie g\u00fcltigen Mitgliedsbeitrag erheblich (mindestens 100%) hinausgehenden F\u00f6rderungsbeitrag<\/li>\n<\/ul>\n<p>Sollten Sie sich entschlie\u00dfen, dem Verein als Mitglied beizutreten, w\u00fcrde uns dies sehr freuen. In diesem Fall kontaktieren Sie bitte entweder Obmann Michael Kollienz , bzw. Gesch\u00e4ftsf\u00fchrer Dr. Gerhard Leitner, oder aber nutzen Sie einfach unser Beitrittsformular.<\/p>\n","protected":false},"excerpt":{"rendered":"<p>Vereinszweck Der F\u00f6rderverein Technische Fakult\u00e4t an der Universit\u00e4t Klagenfurt verfolgt mit diesem Verein das Ziel, die Technische Fakult\u00e4t bei der Erf\u00fcllung ihrer Aufgaben in Forschung und Lehre zu f\u00f6rdern und die Arbeit ihrer Mitglieder, Studierenden und AbsolventInnen zu unterst\u00fctzen. Ein &hellip; <a href=\"https:\/\/www.ftf.or.at\/?page_id=3\">Continue reading <span class=\"meta-nav\">&rarr;<\/span><\/a><\/p>\n","protected":false},"author":33,"featured_media":0,"parent":0,"menu_order":2,"comment_status":"closed","ping_status":"closed","template":"","meta":{"sfsi_plus_gutenberg_text_before_share":"","sfsi_plus_gutenberg_show_text_before_share":"","sfsi_plus_gutenberg_icon_type":"","sfsi_plus_gutenberg_icon_alignemt":"","sfsi_plus_gutenburg_max_per_row":"","footnotes":""},"class_list":["post-3","page","type-page","status-publish","hentry"],"_links":{"self":[{"href":"https:\/\/www.ftf.or.at\/index.php?rest_route=\/wp\/v2\/pages\/3","targetHints":{"allow":["GET"]}}],"collection":[{"href":"https:\/\/www.ftf.or.at\/index.php?rest_route=\/wp\/v2\/pages"}],"about":[{"href":"https:\/\/www.ftf.or.at\/index.php?rest_route=\/wp\/v2\/types\/page"}],"author":[{"embeddable":true,"href":"https:\/\/www.ftf.or.at\/index.php?rest_route=\/wp\/v2\/users\/33"}],"replies":[{"embeddable":true,"href":"https:\/\/www.ftf.or.at\/index.php?rest_route=%2Fwp%2Fv2%2Fcomments&post=3"}],"version-history":[{"count":53,"href":"https:\/\/www.ftf.or.at\/index.php?rest_route=\/wp\/v2\/pages\/3\/revisions"}],"predecessor-version":[{"id":9352,"href":"https:\/\/www.ftf.or.at\/index.php?rest_route=\/wp\/v2\/pages\/3\/revisions\/9352"}],"wp:attachment":[{"href":"https:\/\/www.ftf.or.at\/index.php?rest_route=%2Fwp%2Fv2%2Fmedia&parent=3"}],"curies":[{"name":"wp","href":"https:\/\/api.w.org\/{rel}","templated":true}]}}