{"id":84,"date":"2009-09-22T10:12:41","date_gmt":"2009-09-22T08:12:41","guid":{"rendered":"http:\/\/www.foerderverein-technische-fakultaet.at\/?page_id=84"},"modified":"2025-03-17T14:44:05","modified_gmt":"2025-03-17T12:44:05","slug":"beitrittserklarung","status":"publish","type":"page","link":"https:\/\/www.ftf.or.at\/?page_id=84","title":{"rendered":"Beitrittserkl\u00e4rung"},"content":{"rendered":"\r\n<p>Bitte die Beitrittserkl\u00e4rung als <a href=\"https:\/\/www.ftf.or.at\/wp-content\/uploads\/2025\/03\/Beitrittsformular_Neu_2025.pdf\">PDF <\/a>herunterladen, ausf\u00fcllen, unterschreiben und als Scan (oder elektronisch signiert) an <strong><a href=\"mailto:office@ftf.or.at\">office@ftf.or.at<\/a><\/strong> schicken.<\/p>\r\n\r\n\r\n\r\n<p>Information \u00fcber die Verwendung personenbezogener Daten\/Datenschutzerkl\u00e4rung finden Sie <a href=\"https:\/\/www.ftf.or.at\/datenschutzerklaerung\/\">hier<\/a>.<\/p>\r\n","protected":false},"excerpt":{"rendered":"<p>Bitte die Beitrittserkl\u00e4rung als PDF herunterladen, ausf\u00fcllen, unterschreiben und als Scan (oder elektronisch signiert) an office@ftf.or.at schicken. Information \u00fcber die Verwendung personenbezogener Daten\/Datenschutzerkl\u00e4rung finden Sie hier.<\/p>\n","protected":false},"author":33,"featured_media":0,"parent":0,"menu_order":4,"comment_status":"closed","ping_status":"closed","template":"","meta":{"sfsi_plus_gutenberg_text_before_share":"","sfsi_plus_gutenberg_show_text_before_share":"","sfsi_plus_gutenberg_icon_type":"","sfsi_plus_gutenberg_icon_alignemt":"","sfsi_plus_gutenburg_max_per_row":"","footnotes":""},"class_list":["post-84","page","type-page","status-publish","hentry"],"_links":{"self":[{"href":"https:\/\/www.ftf.or.at\/index.php?rest_route=\/wp\/v2\/pages\/84","targetHints":{"allow":["GET"]}}],"collection":[{"href":"https:\/\/www.ftf.or.at\/index.php?rest_route=\/wp\/v2\/pages"}],"about":[{"href":"https:\/\/www.ftf.or.at\/index.php?rest_route=\/wp\/v2\/types\/page"}],"author":[{"embeddable":true,"href":"https:\/\/www.ftf.or.at\/index.php?rest_route=\/wp\/v2\/users\/33"}],"replies":[{"embeddable":true,"href":"https:\/\/www.ftf.or.at\/index.php?rest_route=%2Fwp%2Fv2%2Fcomments&post=84"}],"version-history":[{"count":28,"href":"https:\/\/www.ftf.or.at\/index.php?rest_route=\/wp\/v2\/pages\/84\/revisions"}],"predecessor-version":[{"id":9200,"href":"https:\/\/www.ftf.or.at\/index.php?rest_route=\/wp\/v2\/pages\/84\/revisions\/9200"}],"wp:attachment":[{"href":"https:\/\/www.ftf.or.at\/index.php?rest_route=%2Fwp%2Fv2%2Fmedia&parent=84"}],"curies":[{"name":"wp","href":"https:\/\/api.w.org\/{rel}","templated":true}]}}